{"id":10524,"date":"2024-06-27T09:36:57","date_gmt":"2024-06-27T09:36:57","guid":{"rendered":"https:\/\/his-energy.com\/blog\/"},"modified":"2024-09-24T14:58:40","modified_gmt":"2024-09-24T14:58:40","slug":"blog","status":"publish","type":"page","link":"https:\/\/his-energy.com\/de\/blog\/","title":{"rendered":"Blog"},"content":{"rendered":"\t\t<div data-elementor-type=\"wp-page\" data-elementor-id=\"10524\" class=\"elementor elementor-10524 elementor-10491\" data-elementor-post-type=\"page\">\n\t\t\t\t<div class=\"elementor-element elementor-element-7df426f e-con-full e-flex e-con e-parent\" data-id=\"7df426f\" data-element_type=\"container\">\n\t\t<div class=\"elementor-element elementor-element-a333856 e-con-full breadcrum_custom e-flex e-con e-child\" data-id=\"a333856\" data-element_type=\"container\">\n\t\t\t\t<div class=\"elementor-element elementor-element-7c3ba76 elementor-align-left elementor-widget elementor-widget-breadcrumbs\" data-id=\"7c3ba76\" data-element_type=\"widget\" data-widget_type=\"breadcrumbs.default\">\n\t\t\t\t<div class=\"elementor-widget-container\">\n\t\t\t\t\t<p id=\"breadcrumbs\"><span><span><a href=\"https:\/\/his-energy.com\/\">Home<\/a><\/span><\/span><\/p>\t\t\t\t<\/div>\n\t\t\t\t<\/div>\n\t\t\t\t<\/div>\n\t\t\t\t<\/div>\n\t\t<div class=\"elementor-element elementor-element-fe43944 e-con-full e-flex e-con e-parent\" data-id=\"fe43944\" data-element_type=\"container\">\n\t\t\t\t<div class=\"elementor-element elementor-element-0110814 elementor-widget elementor-widget-image\" data-id=\"0110814\" data-element_type=\"widget\" data-widget_type=\"image.default\">\n\t\t\t\t<div class=\"elementor-widget-container\">\n\t\t\t\t\t\t\t\t\t\t\t\t\t\t\t<img fetchpriority=\"high\" decoding=\"async\" width=\"800\" height=\"291\" src=\"https:\/\/his-energy.com\/wp-content\/uploads\/2024\/03\/Frame-1171275089-1024x373.png\" class=\"attachment-large size-large wp-image-5339\" alt=\"\" srcset=\"https:\/\/his-energy.com\/wp-content\/uploads\/2024\/03\/Frame-1171275089-1024x373.png 1024w, https:\/\/his-energy.com\/wp-content\/uploads\/2024\/03\/Frame-1171275089-300x109.png 300w, https:\/\/his-energy.com\/wp-content\/uploads\/2024\/03\/Frame-1171275089-768x280.png 768w, https:\/\/his-energy.com\/wp-content\/uploads\/2024\/03\/Frame-1171275089-1536x560.png 1536w, https:\/\/his-energy.com\/wp-content\/uploads\/2024\/03\/Frame-1171275089.png 1920w\" sizes=\"(max-width: 800px) 100vw, 800px\" \/>\t\t\t\t\t\t\t\t\t\t\t\t\t\t\t<\/div>\n\t\t\t\t<\/div>\n\t\t\t\t<\/div>\n\t\t<div class=\"elementor-element elementor-element-7eed955 e-con-full e-flex e-con e-parent\" data-id=\"7eed955\" data-element_type=\"container\" data-settings=\"{&quot;background_background&quot;:&quot;classic&quot;}\">\n\t\t\t\t<div class=\"elementor-element elementor-element-9339145 elementor-widget elementor-widget-heading\" data-id=\"9339145\" data-element_type=\"widget\" data-widget_type=\"heading.default\">\n\t\t\t\t<div class=\"elementor-widget-container\">\n\t\t\t\t\t<h1 class=\"elementor-heading-title elementor-size-default\">Blog-Beitr\u00e4ge<\/h1>\t\t\t\t<\/div>\n\t\t\t\t<\/div>\n\t\t\t\t<div class=\"elementor-element elementor-element-f0b0e83 elementor-widget-tablet__width-initial elementor-widget elementor-widget-text-editor\" data-id=\"f0b0e83\" data-element_type=\"widget\" data-widget_type=\"text-editor.default\">\n\t\t\t\t<div class=\"elementor-widget-container\">\n\t\t\t\t\t\t\t\t\t<p>News und Wissen rund um erneuerbare Energien, Energiewende, sauberen Strom, Elektromobilit\u00e4t und sonnen-Produkte.<\/p>\t\t\t\t\t\t\t\t<\/div>\n\t\t\t\t<\/div>\n\t\t<div class=\"elementor-element elementor-element-4ee3ee5 e-con-full e-flex e-con e-child\" data-id=\"4ee3ee5\" data-element_type=\"container\">\n\t\t\t\t<div class=\"elementor-element elementor-element-a9b7ce2 home-posts-section elementor-grid-3 elementor-grid-tablet-2 elementor-grid-mobile-1 elementor-posts--thumbnail-top elementor-posts__hover-gradient elementor-widget elementor-widget-posts\" data-id=\"a9b7ce2\" data-element_type=\"widget\" data-settings=\"{&quot;cards_row_gap&quot;:{&quot;unit&quot;:&quot;px&quot;,&quot;size&quot;:14,&quot;sizes&quot;:[]},&quot;cards_row_gap_tablet&quot;:{&quot;unit&quot;:&quot;px&quot;,&quot;size&quot;:20,&quot;sizes&quot;:[]},&quot;cards_columns&quot;:&quot;3&quot;,&quot;cards_columns_tablet&quot;:&quot;2&quot;,&quot;cards_columns_mobile&quot;:&quot;1&quot;,&quot;cards_row_gap_mobile&quot;:{&quot;unit&quot;:&quot;px&quot;,&quot;size&quot;:&quot;&quot;,&quot;sizes&quot;:[]}}\" data-widget_type=\"posts.cards\">\n\t\t\t\t<div class=\"elementor-widget-container\">\n\t\t\t\t\t\t\t<div class=\"elementor-posts-container elementor-posts elementor-posts--skin-cards elementor-grid\" role=\"list\">\n\t\t\t\t<article class=\"elementor-post elementor-grid-item post-7381 post type-post status-publish format-standard has-post-thumbnail hentry category-unkategorisiert\" role=\"listitem\">\n\t\t\t<div class=\"elementor-post__card\">\n\t\t\t\t<a class=\"elementor-post__thumbnail__link\" href=\"https:\/\/his-energy.com\/de\/blog\/paving-the-way-to-a-more-sustainable-future-with-our-plug-play-battery-solution\/\" tabindex=\"-1\" ><div class=\"elementor-post__thumbnail\"><img decoding=\"async\" width=\"520\" height=\"240\" src=\"https:\/\/his-energy.com\/wp-content\/uploads\/2024\/03\/DSC01873-3.webp\" class=\"attachment-large size-large wp-image-10623\" alt=\"10 Years ees Europe\" srcset=\"https:\/\/his-energy.com\/wp-content\/uploads\/2024\/03\/DSC01873-3.webp 520w, https:\/\/his-energy.com\/wp-content\/uploads\/2024\/03\/DSC01873-3-300x138.webp 300w\" sizes=\"(max-width: 520px) 100vw, 520px\" \/><\/div><\/a>\n\t\t\t\t<div class=\"elementor-post__text\">\n\t\t\t\t<h3 class=\"elementor-post__title\">\n\t\t\t<a href=\"https:\/\/his-energy.com\/de\/blog\/paving-the-way-to-a-more-sustainable-future-with-our-plug-play-battery-solution\/\" >\n\t\t\t\tMIT UNSERER PLUG &amp; PLAY-BATTERIEL\u00d6SUNG EBNEN WIR DEN WEG IN EINE NACHHALTIGERE ZUKUNFT\t\t\t<\/a>\n\t\t<\/h3>\n\t\t\t\t<div class=\"elementor-post__excerpt\">\n\t\t\t<p>In einer Welt, die zunehmend nach nachhaltigen L\u00f6sungen sucht, steht der Energiesektor vor der Herausforderung, erneuerbare Energiequellen effizient zu integrieren und zu nutzen. Die Energiespeicherung<\/p>\n\t\t<\/div>\n\t\t\n\t\t<a class=\"elementor-post__read-more\" href=\"https:\/\/his-energy.com\/de\/blog\/paving-the-way-to-a-more-sustainable-future-with-our-plug-play-battery-solution\/\" aria-label=\"Read more about MIT UNSERER PLUG &amp; PLAY-BATTERIEL\u00d6SUNG EBNEN WIR DEN WEG IN EINE NACHHALTIGERE ZUKUNFT\" tabindex=\"-1\" >\n\t\t\tMehr lesen \"\t\t<\/a>\n\n\t\t\t\t<\/div>\n\t\t\t\t\t<\/div>\n\t\t<\/article>\n\t\t\t\t<article class=\"elementor-post elementor-grid-item post-7379 post type-post status-publish format-standard has-post-thumbnail hentry category-unkategorisiert\" role=\"listitem\">\n\t\t\t<div class=\"elementor-post__card\">\n\t\t\t\t<a class=\"elementor-post__thumbnail__link\" href=\"https:\/\/his-energy.com\/de\/blog\/wie-batteriespeichersysteme-ihre-stromkosten-um-bis-zu-90-senken-koennen\/\" tabindex=\"-1\" ><div class=\"elementor-post__thumbnail\"><img decoding=\"async\" width=\"520\" height=\"240\" src=\"https:\/\/his-energy.com\/wp-content\/uploads\/2024\/03\/DSC01873-3-1.webp\" class=\"attachment-large size-large wp-image-10628\" alt=\"battery storage\" srcset=\"https:\/\/his-energy.com\/wp-content\/uploads\/2024\/03\/DSC01873-3-1.webp 520w, https:\/\/his-energy.com\/wp-content\/uploads\/2024\/03\/DSC01873-3-1-300x138.webp 300w\" sizes=\"(max-width: 520px) 100vw, 520px\" \/><\/div><\/a>\n\t\t\t\t<div class=\"elementor-post__text\">\n\t\t\t\t<h3 class=\"elementor-post__title\">\n\t\t\t<a href=\"https:\/\/his-energy.com\/de\/blog\/wie-batteriespeichersysteme-ihre-stromkosten-um-bis-zu-90-senken-koennen\/\" >\n\t\t\t\tWIE BATTERIESPEICHERSYSTEME IHRE STROMKOSTEN UM BIS ZU 90 % SENKEN K\u00d6NNEN\t\t\t<\/a>\n\t\t<\/h3>\n\t\t\t\t<div class=\"elementor-post__excerpt\">\n\t\t\t<p>In Industriebetrieben ist ein effizientes Management der Energiekosten von entscheidender Bedeutung. Der Einsatz von Energiespeichersystemen, insbesondere von Batteriespeichersystemen f\u00fcr das Peak Shaving, spielt eine entscheidende<\/p>\n\t\t<\/div>\n\t\t\n\t\t<a class=\"elementor-post__read-more\" href=\"https:\/\/his-energy.com\/de\/blog\/wie-batteriespeichersysteme-ihre-stromkosten-um-bis-zu-90-senken-koennen\/\" aria-label=\"Read more about WIE BATTERIESPEICHERSYSTEME IHRE STROMKOSTEN UM BIS ZU 90 % SENKEN K\u00d6NNEN\" tabindex=\"-1\" >\n\t\t\tMehr lesen \"\t\t<\/a>\n\n\t\t\t\t<\/div>\n\t\t\t\t\t<\/div>\n\t\t<\/article>\n\t\t\t\t<article class=\"elementor-post elementor-grid-item post-7377 post type-post status-publish format-standard has-post-thumbnail hentry category-unkategorisiert\" role=\"listitem\">\n\t\t\t<div class=\"elementor-post__card\">\n\t\t\t\t<a class=\"elementor-post__thumbnail__link\" href=\"https:\/\/his-energy.com\/de\/blog\/pv-magazine-berichtet-ueber-unsere-leistungsstarke-kommerzielle-und-industrielle-speicherloesung\/\" tabindex=\"-1\" ><div class=\"elementor-post__thumbnail\"><img loading=\"lazy\" decoding=\"async\" width=\"520\" height=\"240\" src=\"https:\/\/his-energy.com\/wp-content\/uploads\/2024\/03\/DSC01873-3-2.webp\" class=\"attachment-large size-large wp-image-10633\" alt=\"Our Batteries Range\" srcset=\"https:\/\/his-energy.com\/wp-content\/uploads\/2024\/03\/DSC01873-3-2.webp 520w, https:\/\/his-energy.com\/wp-content\/uploads\/2024\/03\/DSC01873-3-2-300x138.webp 300w\" sizes=\"(max-width: 520px) 100vw, 520px\" \/><\/div><\/a>\n\t\t\t\t<div class=\"elementor-post__text\">\n\t\t\t\t<h3 class=\"elementor-post__title\">\n\t\t\t<a href=\"https:\/\/his-energy.com\/de\/blog\/pv-magazine-berichtet-ueber-unsere-leistungsstarke-kommerzielle-und-industrielle-speicherloesung\/\" >\n\t\t\t\tPV MAGAZINE BERICHTET \u00dcBER UNSERE HOCHLEISTUNGSSPEICHERL\u00d6SUNG F\u00dcR GEWERBE UND INDUSTRIE\t\t\t<\/a>\n\t\t<\/h3>\n\t\t\t\t<div class=\"elementor-post__excerpt\">\n\t\t\t<p>Vorw\u00e4rts springen Eine neue \u00c4ra der Energie-Effizienz Beitrag zu Grid Services Benutzerfreundlichkeit und Sicherheit Kompatibilit\u00e4t und Skalierbarkeit Fazit Eine neue \u00c4ra der Energie-Effizienz Der &#8222;HISbatt-233L&#8220;<\/p>\n\t\t<\/div>\n\t\t\n\t\t<a class=\"elementor-post__read-more\" href=\"https:\/\/his-energy.com\/de\/blog\/pv-magazine-berichtet-ueber-unsere-leistungsstarke-kommerzielle-und-industrielle-speicherloesung\/\" aria-label=\"Read more about PV MAGAZINE BERICHTET \u00dcBER UNSERE HOCHLEISTUNGSSPEICHERL\u00d6SUNG F\u00dcR GEWERBE UND INDUSTRIE\" tabindex=\"-1\" >\n\t\t\tMehr lesen \"\t\t<\/a>\n\n\t\t\t\t<\/div>\n\t\t\t\t\t<\/div>\n\t\t<\/article>\n\t\t\t\t<article class=\"elementor-post elementor-grid-item post-11279 post type-post status-publish format-standard has-post-thumbnail hentry\" role=\"listitem\">\n\t\t\t<div class=\"elementor-post__card\">\n\t\t\t\t<a class=\"elementor-post__thumbnail__link\" href=\"https:\/\/his-energy.com\/de\/blog\/was-ist-peak-shaving-und-wie-funktioniert-es\/\" tabindex=\"-1\" ><div class=\"elementor-post__thumbnail\"><img loading=\"lazy\" decoding=\"async\" width=\"756\" height=\"504\" src=\"https:\/\/his-energy.com\/wp-content\/uploads\/2024\/03\/image-15-5.png\" class=\"attachment-large size-large wp-image-5376\" alt=\"Peak Shaving\" srcset=\"https:\/\/his-energy.com\/wp-content\/uploads\/2024\/03\/image-15-5.png 756w, https:\/\/his-energy.com\/wp-content\/uploads\/2024\/03\/image-15-5-300x200.png 300w\" sizes=\"(max-width: 756px) 100vw, 756px\" \/><\/div><\/a>\n\t\t\t\t<div class=\"elementor-post__text\">\n\t\t\t\t<h3 class=\"elementor-post__title\">\n\t\t\t<a href=\"https:\/\/his-energy.com\/de\/blog\/was-ist-peak-shaving-und-wie-funktioniert-es\/\" >\n\t\t\t\tWas ist Peak Shaving und wie funktioniert es?\t\t\t<\/a>\n\t\t<\/h3>\n\t\t\t\t<div class=\"elementor-post__excerpt\">\n\t\t\t<p>Jump Ahead Warum ist Peak Shaving notwendig? \u200b Was ist der Unterschied zwischen Peak Shaving und Load Shifting? \u200b Wie funktioniert Peak Shaving? \u200b Welche<\/p>\n\t\t<\/div>\n\t\t\n\t\t<a class=\"elementor-post__read-more\" href=\"https:\/\/his-energy.com\/de\/blog\/was-ist-peak-shaving-und-wie-funktioniert-es\/\" aria-label=\"Read more about Was ist Peak Shaving und wie funktioniert es?\" tabindex=\"-1\" >\n\t\t\tMehr lesen \"\t\t<\/a>\n\n\t\t\t\t<\/div>\n\t\t\t\t\t<\/div>\n\t\t<\/article>\n\t\t\t\t<article class=\"elementor-post elementor-grid-item post-11365 post type-post status-publish format-standard has-post-thumbnail hentry category-unkategorisiert\" role=\"listitem\">\n\t\t\t<div class=\"elementor-post__card\">\n\t\t\t\t<a class=\"elementor-post__thumbnail__link\" href=\"https:\/\/his-energy.com\/de\/blog\/wie-iw-gussputz-den-roi-durch-peak-shaving-von-his-energy-optimiert\/\" tabindex=\"-1\" ><div class=\"elementor-post__thumbnail\"><img loading=\"lazy\" decoding=\"async\" width=\"800\" height=\"534\" src=\"https:\/\/his-energy.com\/wp-content\/uploads\/2024\/09\/interior-view-steel-factory-1-1024x683.jpg\" class=\"attachment-large size-large wp-image-11394\" alt=\"Metal Industry Battery Storage\" srcset=\"https:\/\/his-energy.com\/wp-content\/uploads\/2024\/09\/interior-view-steel-factory-1-1024x683.jpg 1024w, https:\/\/his-energy.com\/wp-content\/uploads\/2024\/09\/interior-view-steel-factory-1-300x200.jpg 300w, https:\/\/his-energy.com\/wp-content\/uploads\/2024\/09\/interior-view-steel-factory-1-768x512.jpg 768w, https:\/\/his-energy.com\/wp-content\/uploads\/2024\/09\/interior-view-steel-factory-1-1536x1024.jpg 1536w, https:\/\/his-energy.com\/wp-content\/uploads\/2024\/09\/interior-view-steel-factory-1-2048x1365.jpg 2048w\" sizes=\"(max-width: 800px) 100vw, 800px\" \/><\/div><\/a>\n\t\t\t\t<div class=\"elementor-post__text\">\n\t\t\t\t<h3 class=\"elementor-post__title\">\n\t\t\t<a href=\"https:\/\/his-energy.com\/de\/blog\/wie-iw-gussputz-den-roi-durch-peak-shaving-von-his-energy-optimiert\/\" >\n\t\t\t\tIW Gussputz steigert Gewinne und spart j\u00e4hrlich 45.500 \u20ac durch Peak Shaving sowie Energiehandel\t\t\t<\/a>\n\t\t<\/h3>\n\t\t\t\t<div class=\"elementor-post__excerpt\">\n\t\t\t<p>Jump Ahead Die Herausforderung: Steigende Energiekosten durch ineffiziente Nutzung Die L\u00f6sung: Intelligente Batteriespeicher und Energiemanagement Ergebnisse: Effiziente Energieversorgung Optimierung des ROI durch HIS-EMS-Mehrfachnutzung Fazit: Ein<\/p>\n\t\t<\/div>\n\t\t\n\t\t<a class=\"elementor-post__read-more\" href=\"https:\/\/his-energy.com\/de\/blog\/wie-iw-gussputz-den-roi-durch-peak-shaving-von-his-energy-optimiert\/\" aria-label=\"Read more about IW Gussputz steigert Gewinne und spart j\u00e4hrlich 45.500 \u20ac durch Peak Shaving sowie Energiehandel\" tabindex=\"-1\" >\n\t\t\tMehr lesen \"\t\t<\/a>\n\n\t\t\t\t<\/div>\n\t\t\t\t\t<\/div>\n\t\t<\/article>\n\t\t\t\t<\/div>\n\t\t\n\t\t\t\t\t\t<\/div>\n\t\t\t\t<\/div>\n\t\t\t\t<\/div>\n\t\t\t\t<\/div>\n\t\t<div class=\"elementor-element elementor-element-234302a e-flex e-con-boxed e-con e-parent\" data-id=\"234302a\" data-element_type=\"container\" data-settings=\"{&quot;background_background&quot;:&quot;classic&quot;}\">\n\t\t\t\t\t<div class=\"e-con-inner\">\n\t\t<div class=\"elementor-element elementor-element-b110b93 e-con-full e-flex e-con e-child\" data-id=\"b110b93\" data-element_type=\"container\" data-settings=\"{&quot;background_background&quot;:&quot;classic&quot;}\">\n\t\t<div class=\"elementor-element elementor-element-0997093 e-con-full e-flex e-con e-child\" data-id=\"0997093\" data-element_type=\"container\" data-settings=\"{&quot;background_background&quot;:&quot;classic&quot;}\">\n\t\t\t\t<div class=\"elementor-element elementor-element-92534e5 elementor-widget__width-initial elementor-widget elementor-widget-heading\" data-id=\"92534e5\" data-element_type=\"widget\" data-widget_type=\"heading.default\">\n\t\t\t\t<div class=\"elementor-widget-container\">\n\t\t\t\t\t<h2 class=\"elementor-heading-title elementor-size-default\">Sind Sie daran interessiert, Li-Ionen-Batterie-Energiespeichersysteme f\u00fcr Ihr Unternehmen zu nutzen?<\/h2>\t\t\t\t<\/div>\n\t\t\t\t<\/div>\n\t\t\t\t<div class=\"elementor-element elementor-element-650e13f elementor-widget elementor-widget-text-editor\" data-id=\"650e13f\" data-element_type=\"widget\" data-widget_type=\"text-editor.default\">\n\t\t\t\t<div class=\"elementor-widget-container\">\n\t\t\t\t\t\t\t\t\t<p>Nutzen Sie unser schnelles 5-Minuten-Formular, um ein detailliertes Angebot zu erhalten, oder setzen Sie sich mit uns in Verbindung. Unsere modulare L\u00f6sung passt perfekt zu Ihrem Projekt und bietet eine breite Palette von Anwendungsm\u00f6glichkeiten.<\/p>\n\t\t\t\t\t\t\t\t<\/div>\n\t\t\t\t<\/div>\n\t\t\t\t<div class=\"elementor-element elementor-element-9a7b58d elementor-align-left elementor-widget elementor-widget-button\" data-id=\"9a7b58d\" data-element_type=\"widget\" data-widget_type=\"button.default\">\n\t\t\t\t<div class=\"elementor-widget-container\">\n\t\t\t\t\t\t\t\t\t<div class=\"elementor-button-wrapper\">\n\t\t\t\t\t<a class=\"elementor-button elementor-button-link elementor-size-xs\" href=\"https:\/\/his-energy.com\/de\/quick-scan\/\">\n\t\t\t\t\t\t<span class=\"elementor-button-content-wrapper\">\n\t\t\t\t\t\t\t\t\t<span class=\"elementor-button-text\">Konsultation starten<\/span>\n\t\t\t\t\t<\/span>\n\t\t\t\t\t<\/a>\n\t\t\t\t<\/div>\n\t\t\t\t\t\t\t\t<\/div>\n\t\t\t\t<\/div>\n\t\t\t\t<\/div>\n\t\t\t\t<div class=\"elementor-element elementor-element-9af556c elementor-hidden-mobile elementor-widget elementor-widget-image\" data-id=\"9af556c\" data-element_type=\"widget\" data-widget_type=\"image.default\">\n\t\t\t\t<div class=\"elementor-widget-container\">\n\t\t\t\t\t\t\t\t\t\t\t\t\t\t\t<img decoding=\"async\" src=\"https:\/\/his-energy.com\/wp-content\/uploads\/2024\/01\/7-7.png\" title=\"\" alt=\"\" loading=\"lazy\" \/>\t\t\t\t\t\t\t\t\t\t\t\t\t\t\t<\/div>\n\t\t\t\t<\/div>\n\t\t\t\t<\/div>\n\t\t\t\t\t<\/div>\n\t\t\t\t<\/div>\n\t\t\t\t<\/div>\n\t\t","protected":false},"excerpt":{"rendered":"<p>Blog-Beitr\u00e4ge News und Wissen rund um erneuerbare Energien, Energiewende, sauberen Strom, Elektromobilit\u00e4t und sonnen-Produkte. Sind Sie daran interessiert, Li-Ionen-Batterie-Energiespeichersysteme f\u00fcr Ihr Unternehmen zu nutzen? Nutzen Sie unser schnelles 5-Minuten-Formular, um ein detailliertes Angebot zu erhalten, oder setzen Sie sich mit uns in Verbindung. Unsere modulare L\u00f6sung passt perfekt zu Ihrem Projekt und bietet eine breite [&hellip;]<\/p>\n","protected":false},"author":2,"featured_media":0,"parent":0,"menu_order":0,"comment_status":"closed","ping_status":"closed","template":"","meta":{"footnotes":""},"class_list":["post-10524","page","type-page","status-publish","hentry"],"yoast_head":"<!-- This site is optimized with the Yoast SEO Premium plugin v22.1 (Yoast SEO v25.6) - https:\/\/yoast.com\/wordpress\/plugins\/seo\/ -->\n<title>HIS Energie-Blog: Einblicke f\u00fcr Energiespeichersysteme<\/title>\n<meta name=\"description\" content=\"Im Blog von HIS Energy finden Sie Informationen \u00fcber Batteriespeicher und erneuerbare Energien zur Optimierung Ihres Energiemanagements.\" \/>\n<meta name=\"robots\" content=\"index, follow, max-snippet:-1, max-image-preview:large, max-video-preview:-1\" \/>\n<link rel=\"canonical\" href=\"https:\/\/his-energy.com\/de\/blog\/\" \/>\n<meta property=\"og:locale\" content=\"de_DE\" \/>\n<meta property=\"og:type\" content=\"article\" \/>\n<meta property=\"og:title\" content=\"Blog\" \/>\n<meta property=\"og:description\" content=\"Im Blog von HIS Energy finden Sie Informationen \u00fcber Batteriespeicher und erneuerbare Energien zur Optimierung Ihres Energiemanagements.\" \/>\n<meta property=\"og:url\" content=\"https:\/\/his-energy.com\/de\/blog\/\" \/>\n<meta property=\"og:site_name\" content=\"HIS Battery\" \/>\n<meta property=\"article:modified_time\" content=\"2024-09-24T14:58:40+00:00\" \/>\n<meta property=\"og:image\" content=\"https:\/\/his-energy.com\/wp-content\/uploads\/2024\/03\/Frame-1171275089-1024x373.png\" \/>\n<meta name=\"twitter:card\" content=\"summary_large_image\" \/>\n<meta name=\"twitter:label1\" content=\"Gesch\u00e4tzte Lesezeit\" \/>\n\t<meta name=\"twitter:data1\" content=\"1\u00a0Minute\" \/>\n<script type=\"application\/ld+json\" class=\"yoast-schema-graph\">{\"@context\":\"https:\/\/schema.org\",\"@graph\":[{\"@type\":\"WebPage\",\"@id\":\"https:\/\/his-energy.com\/de\/blog\/\",\"url\":\"https:\/\/his-energy.com\/de\/blog\/\",\"name\":\"HIS Energie-Blog: Einblicke f\u00fcr Energiespeichersysteme\",\"isPartOf\":{\"@id\":\"https:\/\/his-energy.com\/#website\"},\"primaryImageOfPage\":{\"@id\":\"https:\/\/his-energy.com\/de\/blog\/#primaryimage\"},\"image\":{\"@id\":\"https:\/\/his-energy.com\/de\/blog\/#primaryimage\"},\"thumbnailUrl\":\"https:\/\/his-energy.com\/wp-content\/uploads\/2024\/03\/Frame-1171275089-1024x373.png\",\"datePublished\":\"2024-06-27T09:36:57+00:00\",\"dateModified\":\"2024-09-24T14:58:40+00:00\",\"description\":\"Im Blog von HIS Energy finden Sie Informationen \u00fcber Batteriespeicher und erneuerbare Energien zur Optimierung Ihres Energiemanagements.\",\"breadcrumb\":{\"@id\":\"https:\/\/his-energy.com\/de\/blog\/#breadcrumb\"},\"inLanguage\":\"de\",\"potentialAction\":[{\"@type\":\"ReadAction\",\"target\":[\"https:\/\/his-energy.com\/de\/blog\/\"]}]},{\"@type\":\"ImageObject\",\"inLanguage\":\"de\",\"@id\":\"https:\/\/his-energy.com\/de\/blog\/#primaryimage\",\"url\":\"https:\/\/his-energy.com\/wp-content\/uploads\/2024\/03\/Frame-1171275089-1024x373.png\",\"contentUrl\":\"https:\/\/his-energy.com\/wp-content\/uploads\/2024\/03\/Frame-1171275089-1024x373.png\"},{\"@type\":\"BreadcrumbList\",\"@id\":\"https:\/\/his-energy.com\/de\/blog\/#breadcrumb\",\"itemListElement\":[{\"@type\":\"ListItem\",\"position\":1,\"name\":\"Home\",\"item\":\"https:\/\/his-energy.com\/\"},{\"@type\":\"ListItem\",\"position\":2,\"name\":\"Blog\"}]},{\"@type\":\"WebSite\",\"@id\":\"https:\/\/his-energy.com\/#website\",\"url\":\"https:\/\/his-energy.com\/\",\"name\":\"HIS Battery\",\"description\":\"\",\"publisher\":{\"@id\":\"https:\/\/his-energy.com\/#organization\"},\"potentialAction\":[{\"@type\":\"SearchAction\",\"target\":{\"@type\":\"EntryPoint\",\"urlTemplate\":\"https:\/\/his-energy.com\/?s={search_term_string}\"},\"query-input\":{\"@type\":\"PropertyValueSpecification\",\"valueRequired\":true,\"valueName\":\"search_term_string\"}}],\"inLanguage\":\"de\"},{\"@type\":\"Organization\",\"@id\":\"https:\/\/his-energy.com\/#organization\",\"name\":\"HIS Battery\",\"url\":\"https:\/\/his-energy.com\/\",\"logo\":{\"@type\":\"ImageObject\",\"inLanguage\":\"de\",\"@id\":\"https:\/\/his-energy.com\/#\/schema\/logo\/image\/\",\"url\":\"https:\/\/his-energy.com\/wp-content\/uploads\/2024\/01\/footer.webp\",\"contentUrl\":\"https:\/\/his-energy.com\/wp-content\/uploads\/2024\/01\/footer.webp\",\"width\":364,\"height\":153,\"caption\":\"HIS Battery\"},\"image\":{\"@id\":\"https:\/\/his-energy.com\/#\/schema\/logo\/image\/\"}}]}<\/script>\n<!-- \/ Yoast SEO Premium plugin. -->","yoast_head_json":{"title":"HIS Energie-Blog: Einblicke f\u00fcr Energiespeichersysteme","description":"Im Blog von HIS Energy finden Sie Informationen \u00fcber Batteriespeicher und erneuerbare Energien zur Optimierung Ihres Energiemanagements.","robots":{"index":"index","follow":"follow","max-snippet":"max-snippet:-1","max-image-preview":"max-image-preview:large","max-video-preview":"max-video-preview:-1"},"canonical":"https:\/\/his-energy.com\/de\/blog\/","og_locale":"de_DE","og_type":"article","og_title":"Blog","og_description":"Im Blog von HIS Energy finden Sie Informationen \u00fcber Batteriespeicher und erneuerbare Energien zur Optimierung Ihres Energiemanagements.","og_url":"https:\/\/his-energy.com\/de\/blog\/","og_site_name":"HIS Battery","article_modified_time":"2024-09-24T14:58:40+00:00","og_image":[{"url":"https:\/\/his-energy.com\/wp-content\/uploads\/2024\/03\/Frame-1171275089-1024x373.png","type":"","width":"","height":""}],"twitter_card":"summary_large_image","twitter_misc":{"Gesch\u00e4tzte Lesezeit":"1\u00a0Minute"},"schema":{"@context":"https:\/\/schema.org","@graph":[{"@type":"WebPage","@id":"https:\/\/his-energy.com\/de\/blog\/","url":"https:\/\/his-energy.com\/de\/blog\/","name":"HIS Energie-Blog: Einblicke f\u00fcr Energiespeichersysteme","isPartOf":{"@id":"https:\/\/his-energy.com\/#website"},"primaryImageOfPage":{"@id":"https:\/\/his-energy.com\/de\/blog\/#primaryimage"},"image":{"@id":"https:\/\/his-energy.com\/de\/blog\/#primaryimage"},"thumbnailUrl":"https:\/\/his-energy.com\/wp-content\/uploads\/2024\/03\/Frame-1171275089-1024x373.png","datePublished":"2024-06-27T09:36:57+00:00","dateModified":"2024-09-24T14:58:40+00:00","description":"Im Blog von HIS Energy finden Sie Informationen \u00fcber Batteriespeicher und erneuerbare Energien zur Optimierung Ihres Energiemanagements.","breadcrumb":{"@id":"https:\/\/his-energy.com\/de\/blog\/#breadcrumb"},"inLanguage":"de","potentialAction":[{"@type":"ReadAction","target":["https:\/\/his-energy.com\/de\/blog\/"]}]},{"@type":"ImageObject","inLanguage":"de","@id":"https:\/\/his-energy.com\/de\/blog\/#primaryimage","url":"https:\/\/his-energy.com\/wp-content\/uploads\/2024\/03\/Frame-1171275089-1024x373.png","contentUrl":"https:\/\/his-energy.com\/wp-content\/uploads\/2024\/03\/Frame-1171275089-1024x373.png"},{"@type":"BreadcrumbList","@id":"https:\/\/his-energy.com\/de\/blog\/#breadcrumb","itemListElement":[{"@type":"ListItem","position":1,"name":"Home","item":"https:\/\/his-energy.com\/"},{"@type":"ListItem","position":2,"name":"Blog"}]},{"@type":"WebSite","@id":"https:\/\/his-energy.com\/#website","url":"https:\/\/his-energy.com\/","name":"HIS Battery","description":"","publisher":{"@id":"https:\/\/his-energy.com\/#organization"},"potentialAction":[{"@type":"SearchAction","target":{"@type":"EntryPoint","urlTemplate":"https:\/\/his-energy.com\/?s={search_term_string}"},"query-input":{"@type":"PropertyValueSpecification","valueRequired":true,"valueName":"search_term_string"}}],"inLanguage":"de"},{"@type":"Organization","@id":"https:\/\/his-energy.com\/#organization","name":"HIS Battery","url":"https:\/\/his-energy.com\/","logo":{"@type":"ImageObject","inLanguage":"de","@id":"https:\/\/his-energy.com\/#\/schema\/logo\/image\/","url":"https:\/\/his-energy.com\/wp-content\/uploads\/2024\/01\/footer.webp","contentUrl":"https:\/\/his-energy.com\/wp-content\/uploads\/2024\/01\/footer.webp","width":364,"height":153,"caption":"HIS Battery"},"image":{"@id":"https:\/\/his-energy.com\/#\/schema\/logo\/image\/"}}]}},"_links":{"self":[{"href":"https:\/\/his-energy.com\/de\/wp-json\/wp\/v2\/pages\/10524","targetHints":{"allow":["GET"]}}],"collection":[{"href":"https:\/\/his-energy.com\/de\/wp-json\/wp\/v2\/pages"}],"about":[{"href":"https:\/\/his-energy.com\/de\/wp-json\/wp\/v2\/types\/page"}],"author":[{"embeddable":true,"href":"https:\/\/his-energy.com\/de\/wp-json\/wp\/v2\/users\/2"}],"replies":[{"embeddable":true,"href":"https:\/\/his-energy.com\/de\/wp-json\/wp\/v2\/comments?post=10524"}],"version-history":[{"count":7,"href":"https:\/\/his-energy.com\/de\/wp-json\/wp\/v2\/pages\/10524\/revisions"}],"predecessor-version":[{"id":11561,"href":"https:\/\/his-energy.com\/de\/wp-json\/wp\/v2\/pages\/10524\/revisions\/11561"}],"wp:attachment":[{"href":"https:\/\/his-energy.com\/de\/wp-json\/wp\/v2\/media?parent=10524"}],"curies":[{"name":"wp","href":"https:\/\/api.w.org\/{rel}","templated":true}]}}