{"id":9340,"date":"2024-06-03T10:12:03","date_gmt":"2024-06-03T10:12:03","guid":{"rendered":"https:\/\/his-energy.com\/imprint\/"},"modified":"2024-10-02T07:22:57","modified_gmt":"2024-10-02T07:22:57","slug":"imprint","status":"publish","type":"page","link":"https:\/\/his-energy.com\/de\/imprint\/","title":{"rendered":"Imprint"},"content":{"rendered":"\t\t<div data-elementor-type=\"wp-page\" data-elementor-id=\"9340\" class=\"elementor elementor-9340 elementor-9186\" data-elementor-post-type=\"page\">\n\t\t\t\t<div class=\"elementor-element elementor-element-26f884e e-con-full e-flex e-con e-parent\" data-id=\"26f884e\" data-element_type=\"container\">\n\t\t<div class=\"elementor-element elementor-element-613078e e-con-full breadcrum_custom e-flex e-con e-child\" data-id=\"613078e\" data-element_type=\"container\">\n\t\t\t\t<div class=\"elementor-element elementor-element-71f9f44 elementor-align-left elementor-widget elementor-widget-breadcrumbs\" data-id=\"71f9f44\" data-element_type=\"widget\" data-widget_type=\"breadcrumbs.default\">\n\t\t\t\t<div class=\"elementor-widget-container\">\n\t\t\t\t\t<p id=\"breadcrumbs\"><span><span><a href=\"https:\/\/his-energy.com\/\">Home<\/a><\/span><\/span><\/p>\t\t\t\t<\/div>\n\t\t\t\t<\/div>\n\t\t\t\t<\/div>\n\t\t\t\t<\/div>\n\t\t<div class=\"elementor-element elementor-element-bc5d493 e-flex e-con-boxed e-con e-parent\" data-id=\"bc5d493\" data-element_type=\"container\">\n\t\t\t\t\t<div class=\"e-con-inner\">\n\t\t<div class=\"elementor-element elementor-element-1420938 e-con-full e-flex e-con e-child\" data-id=\"1420938\" data-element_type=\"container\">\n\t\t\t\t<div class=\"elementor-element elementor-element-c65c470 elementor-widget elementor-widget-text-editor\" data-id=\"c65c470\" data-element_type=\"widget\" data-widget_type=\"text-editor.default\">\n\t\t\t\t<div class=\"elementor-widget-container\">\n\t\t\t\t\t\t\t\t\t<div>\n<div>Siemensstra\u00dfe 4<\/div>\n<div>D &#8211; 64760 Oberzent<\/div>\n<div><strong>Tel<\/strong>. <a href=\"callto:+49%20(0)%2060%2068%20\/%2093%2014%20400\"> +49 (0) 60 68 \/ 93 14 400<\/a><\/div>\n<div><strong>Fax<\/strong>. +49 (0) 60 68 \/ 93 14 411<\/div>\n<div><strong>E-Mail<\/strong> <a href=\"mailto:info@his-solar.de\"> info@his-solar.de<\/a><\/div>\n<\/div>\t\t\t\t\t\t\t\t<\/div>\n\t\t\t\t<\/div>\n\t\t\t\t<\/div>\n\t\t<div class=\"elementor-element elementor-element-9158bd1 e-con-full e-flex e-con e-child\" data-id=\"9158bd1\" data-element_type=\"container\">\n\t\t\t\t<div class=\"elementor-element elementor-element-d49fcab elementor-widget elementor-widget-text-editor\" data-id=\"d49fcab\" data-element_type=\"widget\" data-widget_type=\"text-editor.default\">\n\t\t\t\t<div class=\"elementor-widget-container\">\n\t\t\t\t\t\t\t\t\t<strong>G\u00fcven Altun\n<\/strong> <br\/>\n<b>Registergericht<\/b>  &nbsp; Amtsgericht Darmstadt <br\/>\n<b>Registernummer<\/b> &nbsp;  HRB 89051 <br\/>\n<b>Umsatzsteuer-ID<\/b> &nbsp; DE 271 118 187 \t\t\t\t\t\t\t\t<\/div>\n\t\t\t\t<\/div>\n\t\t\t\t<\/div>\n\t\t\t\t\t<\/div>\n\t\t\t\t<\/div>\n\t\t<div class=\"elementor-element elementor-element-05f123e e-flex e-con-boxed e-con e-parent\" data-id=\"05f123e\" data-element_type=\"container\">\n\t\t\t\t\t<div class=\"e-con-inner\">\n\t\t\t\t<div class=\"elementor-element elementor-element-d6a74c5 elementor-widget elementor-widget-heading\" data-id=\"d6a74c5\" data-element_type=\"widget\" data-widget_type=\"heading.default\">\n\t\t\t\t<div class=\"elementor-widget-container\">\n\t\t\t\t\t<h1 class=\"elementor-heading-title elementor-size-default\">Haftung f\u00fcr Inhalte<\/h1>\t\t\t\t<\/div>\n\t\t\t\t<\/div>\n\t\t\t\t<div class=\"elementor-element elementor-element-e39594e elementor-widget elementor-widget-text-editor\" data-id=\"e39594e\" data-element_type=\"widget\" data-widget_type=\"text-editor.default\">\n\t\t\t\t<div class=\"elementor-widget-container\">\n\t\t\t\t\t\t\t\t\tAls Diensteanbieter sind wir gem\u00e4\u00df \u00a7 7 Abs.1 TMG f\u00fcr eigene Inhalte auf diesen Seiten nach den allgemeinen Gesetzen verantwortlich. Nach \u00a7\u00a7 8 bis 10 TMG sind wir als Diensteanbieter jedoch nicht verpflichtet, \u00fcbermittelte oder gespeicherte fremde Informationen zu \u00fcberwachen oder nach Umst\u00e4nden zu forschen, die auf eine rechtswidrige T\u00e4tigkeit hinweisen. <br\/> \nVerpflichtungen zur Entfernung oder Sperrung der Nutzung von Informationen nach den allgemeinen Gesetzen bleiben hiervon unber\u00fchrt. Eine diesbez\u00fcgliche Haftung ist jedoch erst ab dem Zeitpunkt der Kenntnis einer konkreten Rechtsverletzung m\u00f6glich. Bei Bekanntwerden von entsprechenden Rechtsverletzungen werden wir diese Inhalte umgehend entfernen.\t\t\t\t\t\t\t\t<\/div>\n\t\t\t\t<\/div>\n\t\t\t\t\t<\/div>\n\t\t\t\t<\/div>\n\t\t<div class=\"elementor-element elementor-element-210ec54 e-flex e-con-boxed e-con e-parent\" data-id=\"210ec54\" data-element_type=\"container\">\n\t\t\t\t\t<div class=\"e-con-inner\">\n\t\t\t\t<div class=\"elementor-element elementor-element-bcf299e elementor-widget elementor-widget-heading\" data-id=\"bcf299e\" data-element_type=\"widget\" data-widget_type=\"heading.default\">\n\t\t\t\t<div class=\"elementor-widget-container\">\n\t\t\t\t\t<h2 class=\"elementor-heading-title elementor-size-default\">Haftung f\u00fcr Links<\/h2>\t\t\t\t<\/div>\n\t\t\t\t<\/div>\n\t\t\t\t<div class=\"elementor-element elementor-element-eec7cee elementor-widget elementor-widget-text-editor\" data-id=\"eec7cee\" data-element_type=\"widget\" data-widget_type=\"text-editor.default\">\n\t\t\t\t<div class=\"elementor-widget-container\">\n\t\t\t\t\t\t\t\t\t<p>Unser Angebot enth\u00e4lt Links zu externen Websites Dritter, auf deren Inhalte wir keinen Einfluss haben. Deshalb k\u00f6nnen wir f\u00fcr diese fremden Inhalte auch keine Gew\u00e4hr \u00fcbernehmen. F\u00fcr die Inhalte der verlinkten Seiten ist stets der jeweilige Anbieter oder Betreiber der Seiten verantwortlich. Die verlinkten Seiten wurden zum Zeitpunkt der Verlinkung auf m\u00f6gliche Rechtsverst\u00f6\u00dfe \u00fcberpr\u00fcft. Rechtswidrige Inhalte waren zum Zeitpunkt der Verlinkung nicht erkennbar.<br \/>Eine permanente inhaltliche Kontrolle der verlinkten Seiten ist jedoch ohne konkrete Anhaltspunkte einer Rechtsverletzung nicht zumutbar. Bei Bekanntwerden von Rechtsverletzungen werden wir derartige Links umgehend entfernen.<\/p>\t\t\t\t\t\t\t\t<\/div>\n\t\t\t\t<\/div>\n\t\t\t\t\t<\/div>\n\t\t\t\t<\/div>\n\t\t<div class=\"elementor-element elementor-element-d2793d2 e-flex e-con-boxed e-con e-parent\" data-id=\"d2793d2\" data-element_type=\"container\">\n\t\t\t\t\t<div class=\"e-con-inner\">\n\t\t\t\t<div class=\"elementor-element elementor-element-8968ef6 elementor-widget elementor-widget-heading\" data-id=\"8968ef6\" data-element_type=\"widget\" data-widget_type=\"heading.default\">\n\t\t\t\t<div class=\"elementor-widget-container\">\n\t\t\t\t\t<h2 class=\"elementor-heading-title elementor-size-default\">Urheberrecht<\/h2>\t\t\t\t<\/div>\n\t\t\t\t<\/div>\n\t\t\t\t<div class=\"elementor-element elementor-element-7c466a4 elementor-widget elementor-widget-text-editor\" data-id=\"7c466a4\" data-element_type=\"widget\" data-widget_type=\"text-editor.default\">\n\t\t\t\t<div class=\"elementor-widget-container\">\n\t\t\t\t\t\t\t\t\tDie durch die Seitenbetreiber erstellten Inhalte und Werke auf diesen Seiten unterliegen dem deutschen Urheberrecht. Die Vervielf\u00e4ltigung, Bearbeitung, Verbreitung und jede Art der Verwertung au\u00dferhalb der Grenzen des Urheberrechtes bed\u00fcrfen der schriftlichen Zustimmung des jeweiligen Autors bzw. Erstellers. Downloads und Kopien dieser Seite sind nur f\u00fcr den privaten, nicht kommerziellen Gebrauch gestattet.\n\nSoweit die Inhalte auf dieser Seite nicht vom Betreiber erstellt wurden, werden die Urheberrechte Dritter beachtet. Insbesondere werden Inhalte Dritter als solche gekennzeichnet. Sollten Sie trotzdem auf eine Urheberrechtsverletzung aufmerksam werden, bitten wir um einen entsprechenden Hinweis. Bei Bekanntwerden von Rechtsverletzungen werden wir derartige Inhalte umgehend entfernen.\t\t\t\t\t\t\t\t<\/div>\n\t\t\t\t<\/div>\n\t\t\t\t\t<\/div>\n\t\t\t\t<\/div>\n\t\t\t\t<\/div>\n\t\t","protected":false},"excerpt":{"rendered":"<p>Siemensstra\u00dfe 4 D &#8211; 64760 Oberzent Tel. +49 (0) 60 68 \/ 93 14 400 Fax. +49 (0) 60 68 \/ 93 14 411 E-Mail info@his-solar.de G\u00fcven Altun Registergericht &nbsp; Amtsgericht Darmstadt Registernummer &nbsp; HRB 89051 Umsatzsteuer-ID &nbsp; DE 271 118 187 Haftung f\u00fcr Inhalte Als Diensteanbieter sind wir gem\u00e4\u00df \u00a7 7 Abs.1 TMG f\u00fcr [&hellip;]<\/p>\n","protected":false},"author":2,"featured_media":0,"parent":0,"menu_order":0,"comment_status":"closed","ping_status":"closed","template":"","meta":{"footnotes":""},"class_list":["post-9340","page","type-page","status-publish","hentry"],"yoast_head":"<!-- This site is optimized with the Yoast SEO Premium plugin v22.1 (Yoast SEO v25.6) - https:\/\/yoast.com\/wordpress\/plugins\/seo\/ -->\n<title>Impressum &amp; Rechtliche Hinweise | HIS Energy<\/title>\n<meta name=\"description\" content=\"Hier finden Sie das Impressum von HIS Energy mit allen rechtlichen Informationen und Kontaktdaten unseres Unternehmens. Mehr erfahren!\" \/>\n<meta name=\"robots\" content=\"index, follow, max-snippet:-1, max-image-preview:large, max-video-preview:-1\" \/>\n<link rel=\"canonical\" href=\"https:\/\/his-energy.com\/de\/imprint\/\" \/>\n<meta property=\"og:locale\" content=\"de_DE\" \/>\n<meta property=\"og:type\" content=\"article\" \/>\n<meta property=\"og:title\" content=\"Imprint\" \/>\n<meta property=\"og:description\" content=\"Hier finden Sie das Impressum von HIS Energy mit allen rechtlichen Informationen und Kontaktdaten unseres Unternehmens. Mehr erfahren!\" \/>\n<meta property=\"og:url\" content=\"https:\/\/his-energy.com\/de\/imprint\/\" \/>\n<meta property=\"og:site_name\" content=\"HIS Battery\" \/>\n<meta property=\"article:modified_time\" content=\"2024-10-02T07:22:57+00:00\" \/>\n<meta name=\"twitter:card\" content=\"summary_large_image\" \/>\n<meta name=\"twitter:label1\" content=\"Gesch\u00e4tzte Lesezeit\" \/>\n\t<meta name=\"twitter:data1\" content=\"2\u00a0Minuten\" \/>\n<script type=\"application\/ld+json\" class=\"yoast-schema-graph\">{\"@context\":\"https:\/\/schema.org\",\"@graph\":[{\"@type\":\"WebPage\",\"@id\":\"https:\/\/his-energy.com\/de\/imprint\/\",\"url\":\"https:\/\/his-energy.com\/de\/imprint\/\",\"name\":\"Impressum & Rechtliche Hinweise | HIS Energy\",\"isPartOf\":{\"@id\":\"https:\/\/his-energy.com\/#website\"},\"datePublished\":\"2024-06-03T10:12:03+00:00\",\"dateModified\":\"2024-10-02T07:22:57+00:00\",\"description\":\"Hier finden Sie das Impressum von HIS Energy mit allen rechtlichen Informationen und Kontaktdaten unseres Unternehmens. Mehr erfahren!\",\"breadcrumb\":{\"@id\":\"https:\/\/his-energy.com\/de\/imprint\/#breadcrumb\"},\"inLanguage\":\"de\",\"potentialAction\":[{\"@type\":\"ReadAction\",\"target\":[\"https:\/\/his-energy.com\/de\/imprint\/\"]}]},{\"@type\":\"BreadcrumbList\",\"@id\":\"https:\/\/his-energy.com\/de\/imprint\/#breadcrumb\",\"itemListElement\":[{\"@type\":\"ListItem\",\"position\":1,\"name\":\"Home\",\"item\":\"https:\/\/his-energy.com\/\"},{\"@type\":\"ListItem\",\"position\":2,\"name\":\"Imprint\"}]},{\"@type\":\"WebSite\",\"@id\":\"https:\/\/his-energy.com\/#website\",\"url\":\"https:\/\/his-energy.com\/\",\"name\":\"HIS Battery\",\"description\":\"\",\"publisher\":{\"@id\":\"https:\/\/his-energy.com\/#organization\"},\"potentialAction\":[{\"@type\":\"SearchAction\",\"target\":{\"@type\":\"EntryPoint\",\"urlTemplate\":\"https:\/\/his-energy.com\/?s={search_term_string}\"},\"query-input\":{\"@type\":\"PropertyValueSpecification\",\"valueRequired\":true,\"valueName\":\"search_term_string\"}}],\"inLanguage\":\"de\"},{\"@type\":\"Organization\",\"@id\":\"https:\/\/his-energy.com\/#organization\",\"name\":\"HIS Battery\",\"url\":\"https:\/\/his-energy.com\/\",\"logo\":{\"@type\":\"ImageObject\",\"inLanguage\":\"de\",\"@id\":\"https:\/\/his-energy.com\/#\/schema\/logo\/image\/\",\"url\":\"https:\/\/his-energy.com\/wp-content\/uploads\/2024\/01\/footer.webp\",\"contentUrl\":\"https:\/\/his-energy.com\/wp-content\/uploads\/2024\/01\/footer.webp\",\"width\":364,\"height\":153,\"caption\":\"HIS Battery\"},\"image\":{\"@id\":\"https:\/\/his-energy.com\/#\/schema\/logo\/image\/\"}}]}<\/script>\n<!-- \/ Yoast SEO Premium plugin. -->","yoast_head_json":{"title":"Impressum & Rechtliche Hinweise | HIS Energy","description":"Hier finden Sie das Impressum von HIS Energy mit allen rechtlichen Informationen und Kontaktdaten unseres Unternehmens. Mehr erfahren!","robots":{"index":"index","follow":"follow","max-snippet":"max-snippet:-1","max-image-preview":"max-image-preview:large","max-video-preview":"max-video-preview:-1"},"canonical":"https:\/\/his-energy.com\/de\/imprint\/","og_locale":"de_DE","og_type":"article","og_title":"Imprint","og_description":"Hier finden Sie das Impressum von HIS Energy mit allen rechtlichen Informationen und Kontaktdaten unseres Unternehmens. Mehr erfahren!","og_url":"https:\/\/his-energy.com\/de\/imprint\/","og_site_name":"HIS Battery","article_modified_time":"2024-10-02T07:22:57+00:00","twitter_card":"summary_large_image","twitter_misc":{"Gesch\u00e4tzte Lesezeit":"2\u00a0Minuten"},"schema":{"@context":"https:\/\/schema.org","@graph":[{"@type":"WebPage","@id":"https:\/\/his-energy.com\/de\/imprint\/","url":"https:\/\/his-energy.com\/de\/imprint\/","name":"Impressum & Rechtliche Hinweise | HIS Energy","isPartOf":{"@id":"https:\/\/his-energy.com\/#website"},"datePublished":"2024-06-03T10:12:03+00:00","dateModified":"2024-10-02T07:22:57+00:00","description":"Hier finden Sie das Impressum von HIS Energy mit allen rechtlichen Informationen und Kontaktdaten unseres Unternehmens. Mehr erfahren!","breadcrumb":{"@id":"https:\/\/his-energy.com\/de\/imprint\/#breadcrumb"},"inLanguage":"de","potentialAction":[{"@type":"ReadAction","target":["https:\/\/his-energy.com\/de\/imprint\/"]}]},{"@type":"BreadcrumbList","@id":"https:\/\/his-energy.com\/de\/imprint\/#breadcrumb","itemListElement":[{"@type":"ListItem","position":1,"name":"Home","item":"https:\/\/his-energy.com\/"},{"@type":"ListItem","position":2,"name":"Imprint"}]},{"@type":"WebSite","@id":"https:\/\/his-energy.com\/#website","url":"https:\/\/his-energy.com\/","name":"HIS Battery","description":"","publisher":{"@id":"https:\/\/his-energy.com\/#organization"},"potentialAction":[{"@type":"SearchAction","target":{"@type":"EntryPoint","urlTemplate":"https:\/\/his-energy.com\/?s={search_term_string}"},"query-input":{"@type":"PropertyValueSpecification","valueRequired":true,"valueName":"search_term_string"}}],"inLanguage":"de"},{"@type":"Organization","@id":"https:\/\/his-energy.com\/#organization","name":"HIS Battery","url":"https:\/\/his-energy.com\/","logo":{"@type":"ImageObject","inLanguage":"de","@id":"https:\/\/his-energy.com\/#\/schema\/logo\/image\/","url":"https:\/\/his-energy.com\/wp-content\/uploads\/2024\/01\/footer.webp","contentUrl":"https:\/\/his-energy.com\/wp-content\/uploads\/2024\/01\/footer.webp","width":364,"height":153,"caption":"HIS Battery"},"image":{"@id":"https:\/\/his-energy.com\/#\/schema\/logo\/image\/"}}]}},"_links":{"self":[{"href":"https:\/\/his-energy.com\/de\/wp-json\/wp\/v2\/pages\/9340","targetHints":{"allow":["GET"]}}],"collection":[{"href":"https:\/\/his-energy.com\/de\/wp-json\/wp\/v2\/pages"}],"about":[{"href":"https:\/\/his-energy.com\/de\/wp-json\/wp\/v2\/types\/page"}],"author":[{"embeddable":true,"href":"https:\/\/his-energy.com\/de\/wp-json\/wp\/v2\/users\/2"}],"replies":[{"embeddable":true,"href":"https:\/\/his-energy.com\/de\/wp-json\/wp\/v2\/comments?post=9340"}],"version-history":[{"count":14,"href":"https:\/\/his-energy.com\/de\/wp-json\/wp\/v2\/pages\/9340\/revisions"}],"predecessor-version":[{"id":11828,"href":"https:\/\/his-energy.com\/de\/wp-json\/wp\/v2\/pages\/9340\/revisions\/11828"}],"wp:attachment":[{"href":"https:\/\/his-energy.com\/de\/wp-json\/wp\/v2\/media?parent=9340"}],"curies":[{"name":"wp","href":"https:\/\/api.w.org\/{rel}","templated":true}]}}