{"id":10526,"date":"2024-06-27T09:36:57","date_gmt":"2024-06-27T09:36:57","guid":{"rendered":"https:\/\/his-energy.com\/blog\/"},"modified":"2024-09-24T13:30:19","modified_gmt":"2024-09-24T13:30:19","slug":"blog","status":"publish","type":"page","link":"https:\/\/his-energy.com\/fr\/blog\/","title":{"rendered":"Blog"},"content":{"rendered":"\t\t<div data-elementor-type=\"wp-page\" data-elementor-id=\"10526\" class=\"elementor elementor-10526 elementor-10491\" data-elementor-post-type=\"page\">\n\t\t\t\t<div class=\"elementor-element elementor-element-7df426f e-con-full e-flex e-con e-parent\" data-id=\"7df426f\" data-element_type=\"container\">\n\t\t\t\t<div class=\"elementor-element elementor-element-6ae5e02 elementor-widget elementor-widget-heading\" data-id=\"6ae5e02\" data-element_type=\"widget\" data-widget_type=\"heading.default\">\n\t\t\t\t<div class=\"elementor-widget-container\">\n\t\t\t\t\t<h2 class=\"elementor-heading-title elementor-size-default\">Overview<\/h2>\t\t\t\t<\/div>\n\t\t\t\t<\/div>\n\t\t<div class=\"elementor-element elementor-element-a333856 e-con-full breadcrum_custom e-flex e-con e-child\" data-id=\"a333856\" data-element_type=\"container\">\n\t\t\t\t<div class=\"elementor-element elementor-element-7c3ba76 elementor-align-left elementor-widget elementor-widget-breadcrumbs\" data-id=\"7c3ba76\" data-element_type=\"widget\" data-widget_type=\"breadcrumbs.default\">\n\t\t\t\t<div class=\"elementor-widget-container\">\n\t\t\t\t\t<p id=\"breadcrumbs\"><span><span><a href=\"https:\/\/his-energy.com\/fr\/\">Home<\/a><\/span><\/span><\/p>\t\t\t\t<\/div>\n\t\t\t\t<\/div>\n\t\t\t\t<\/div>\n\t\t\t\t<\/div>\n\t\t<div class=\"elementor-element elementor-element-fe43944 e-con-full e-flex e-con e-parent\" data-id=\"fe43944\" data-element_type=\"container\">\n\t\t\t\t<div class=\"elementor-element elementor-element-0110814 elementor-widget elementor-widget-image\" data-id=\"0110814\" data-element_type=\"widget\" data-widget_type=\"image.default\">\n\t\t\t\t<div class=\"elementor-widget-container\">\n\t\t\t\t\t\t\t\t\t\t\t\t\t\t\t<img fetchpriority=\"high\" decoding=\"async\" width=\"800\" height=\"291\" src=\"https:\/\/his-energy.com\/wp-content\/uploads\/2024\/03\/Frame-1171275089-1024x373.png\" class=\"attachment-large size-large wp-image-10012\" alt=\"\" srcset=\"https:\/\/his-energy.com\/wp-content\/uploads\/2024\/03\/Frame-1171275089-1024x373.png 1024w, https:\/\/his-energy.com\/wp-content\/uploads\/2024\/03\/Frame-1171275089-300x109.png 300w, https:\/\/his-energy.com\/wp-content\/uploads\/2024\/03\/Frame-1171275089-768x280.png 768w, https:\/\/his-energy.com\/wp-content\/uploads\/2024\/03\/Frame-1171275089-1536x560.png 1536w, https:\/\/his-energy.com\/wp-content\/uploads\/2024\/03\/Frame-1171275089.png 1920w\" sizes=\"(max-width: 800px) 100vw, 800px\" \/>\t\t\t\t\t\t\t\t\t\t\t\t\t\t\t<\/div>\n\t\t\t\t<\/div>\n\t\t\t\t<\/div>\n\t\t<div class=\"elementor-element elementor-element-7eed955 e-con-full e-flex e-con e-parent\" data-id=\"7eed955\" data-element_type=\"container\" data-settings=\"{&quot;background_background&quot;:&quot;classic&quot;}\">\n\t\t\t\t<div class=\"elementor-element elementor-element-9339145 elementor-widget elementor-widget-heading\" data-id=\"9339145\" data-element_type=\"widget\" data-widget_type=\"heading.default\">\n\t\t\t\t<div class=\"elementor-widget-container\">\n\t\t\t\t\t<h1 class=\"elementor-heading-title elementor-size-default\">Articles de blog<\/h1>\t\t\t\t<\/div>\n\t\t\t\t<\/div>\n\t\t\t\t<div class=\"elementor-element elementor-element-f0b0e83 elementor-widget-tablet__width-initial elementor-widget elementor-widget-text-editor\" data-id=\"f0b0e83\" data-element_type=\"widget\" data-widget_type=\"text-editor.default\">\n\t\t\t\t<div class=\"elementor-widget-container\">\n\t\t\t\t\t\t\t\t\t<p>Actualit\u00e9s et connaissances sur les \u00e9nergies renouvelables, la transition \u00e9nerg\u00e9tique, l&rsquo;\u00e9lectricit\u00e9 propre, l&rsquo;\u00e9lectromobilit\u00e9 et les produits sonnen.<\/p>\t\t\t\t\t\t\t\t<\/div>\n\t\t\t\t<\/div>\n\t\t<div class=\"elementor-element elementor-element-4ee3ee5 e-con-full e-flex e-con e-child\" data-id=\"4ee3ee5\" data-element_type=\"container\">\n\t\t\t\t<div class=\"elementor-element elementor-element-a9b7ce2 home-posts-section elementor-grid-3 elementor-grid-tablet-2 elementor-grid-mobile-1 elementor-posts--thumbnail-top elementor-posts__hover-gradient elementor-widget elementor-widget-posts\" data-id=\"a9b7ce2\" data-element_type=\"widget\" data-settings=\"{&quot;cards_row_gap&quot;:{&quot;unit&quot;:&quot;px&quot;,&quot;size&quot;:14,&quot;sizes&quot;:[]},&quot;cards_row_gap_tablet&quot;:{&quot;unit&quot;:&quot;px&quot;,&quot;size&quot;:20,&quot;sizes&quot;:[]},&quot;cards_columns&quot;:&quot;3&quot;,&quot;cards_columns_tablet&quot;:&quot;2&quot;,&quot;cards_columns_mobile&quot;:&quot;1&quot;,&quot;cards_row_gap_mobile&quot;:{&quot;unit&quot;:&quot;px&quot;,&quot;size&quot;:&quot;&quot;,&quot;sizes&quot;:[]}}\" data-widget_type=\"posts.cards\">\n\t\t\t\t<div class=\"elementor-widget-container\">\n\t\t\t\t\t\t\t<div class=\"elementor-posts-container elementor-posts elementor-posts--skin-cards elementor-grid\" role=\"list\">\n\t\t\t\t<article class=\"elementor-post elementor-grid-item post-9255 post type-post status-publish format-standard has-post-thumbnail hentry category-non-classifiee\" role=\"listitem\">\n\t\t\t<div class=\"elementor-post__card\">\n\t\t\t\t<a class=\"elementor-post__thumbnail__link\" href=\"https:\/\/his-energy.com\/fr\/blog\/ouvrir-la-voie-a-un-avenir-plus-durable-gr-ce-a-notre-solution-de-batterie-plug-play-2\/\" tabindex=\"-1\" ><div class=\"elementor-post__thumbnail\"><img decoding=\"async\" width=\"520\" height=\"240\" src=\"https:\/\/his-energy.com\/wp-content\/uploads\/2024\/03\/DSC01873-3.webp\" class=\"attachment-large size-large wp-image-10622\" alt=\"10 Years ees Europe\" srcset=\"https:\/\/his-energy.com\/wp-content\/uploads\/2024\/03\/DSC01873-3.webp 520w, https:\/\/his-energy.com\/wp-content\/uploads\/2024\/03\/DSC01873-3-300x138.webp 300w\" sizes=\"(max-width: 520px) 100vw, 520px\" \/><\/div><\/a>\n\t\t\t\t<div class=\"elementor-post__text\">\n\t\t\t\t<h3 class=\"elementor-post__title\">\n\t\t\t<a href=\"https:\/\/his-energy.com\/fr\/blog\/ouvrir-la-voie-a-un-avenir-plus-durable-gr-ce-a-notre-solution-de-batterie-plug-play-2\/\" >\n\t\t\t\tOUVRIR LA VOIE \u00c0 UN AVENIR PLUS DURABLE GR CE \u00c0 NOTRE SOLUTION DE BATTERIE PLUG &amp; PLAY\t\t\t<\/a>\n\t\t<\/h3>\n\t\t\t\t<div class=\"elementor-post__excerpt\">\n\t\t\t<p>Dans un monde de plus en plus \u00e0 la recherche de solutions durables, le secteur de l&rsquo;\u00e9nergie est confront\u00e9 au d\u00e9fi d&rsquo;int\u00e9grer et d&rsquo;utiliser efficacement<\/p>\n\t\t<\/div>\n\t\t\n\t\t<a class=\"elementor-post__read-more\" href=\"https:\/\/his-energy.com\/fr\/blog\/ouvrir-la-voie-a-un-avenir-plus-durable-gr-ce-a-notre-solution-de-batterie-plug-play-2\/\" aria-label=\"Read more about OUVRIR LA VOIE \u00c0 UN AVENIR PLUS DURABLE GR CE \u00c0 NOTRE SOLUTION DE BATTERIE PLUG &amp; PLAY\" tabindex=\"-1\" >\n\t\t\tLire la suite \"\t\t<\/a>\n\n\t\t\t\t<\/div>\n\t\t\t\t\t<\/div>\n\t\t<\/article>\n\t\t\t\t<article class=\"elementor-post elementor-grid-item post-9250 post type-post status-publish format-standard has-post-thumbnail hentry category-non-classifiee\" role=\"listitem\">\n\t\t\t<div class=\"elementor-post__card\">\n\t\t\t\t<a class=\"elementor-post__thumbnail__link\" href=\"https:\/\/his-energy.com\/fr\/blog\/comment-les-systemes-de-stockage-par-batterie-peuvent-reduire-jusqua-90-les-frais-lies-a-la-demande-delectricite\/\" tabindex=\"-1\" ><div class=\"elementor-post__thumbnail\"><img decoding=\"async\" width=\"520\" height=\"240\" src=\"https:\/\/his-energy.com\/wp-content\/uploads\/2024\/03\/DSC01873-3-1.webp\" class=\"attachment-large size-large wp-image-10627\" alt=\"battery storage\" srcset=\"https:\/\/his-energy.com\/wp-content\/uploads\/2024\/03\/DSC01873-3-1.webp 520w, https:\/\/his-energy.com\/wp-content\/uploads\/2024\/03\/DSC01873-3-1-300x138.webp 300w\" sizes=\"(max-width: 520px) 100vw, 520px\" \/><\/div><\/a>\n\t\t\t\t<div class=\"elementor-post__text\">\n\t\t\t\t<h3 class=\"elementor-post__title\">\n\t\t\t<a href=\"https:\/\/his-energy.com\/fr\/blog\/comment-les-systemes-de-stockage-par-batterie-peuvent-reduire-jusqua-90-les-frais-lies-a-la-demande-delectricite\/\" >\n\t\t\t\tCOMMENT LES SYST\u00c8MES DE STOCKAGE PAR BATTERIE PEUVENT R\u00c9DUIRE JUSQU&rsquo;\u00c0 90 % LES FRAIS LI\u00c9S \u00c0 LA DEMANDE D&rsquo;\u00c9LECTRICIT\u00c9\t\t\t<\/a>\n\t\t<\/h3>\n\t\t\t\t<div class=\"elementor-post__excerpt\">\n\t\t\t<p>In industrial operations, efficient management of energy costs is essential. Utilizing energy storage systems, especially battery storage systems for peak shaving, plays a crucial role<\/p>\n\t\t<\/div>\n\t\t\n\t\t<a class=\"elementor-post__read-more\" href=\"https:\/\/his-energy.com\/fr\/blog\/comment-les-systemes-de-stockage-par-batterie-peuvent-reduire-jusqua-90-les-frais-lies-a-la-demande-delectricite\/\" aria-label=\"Read more about COMMENT LES SYST\u00c8MES DE STOCKAGE PAR BATTERIE PEUVENT R\u00c9DUIRE JUSQU&rsquo;\u00c0 90 % LES FRAIS LI\u00c9S \u00c0 LA DEMANDE D&rsquo;\u00c9LECTRICIT\u00c9\" tabindex=\"-1\" >\n\t\t\tLire la suite \"\t\t<\/a>\n\n\t\t\t\t<\/div>\n\t\t\t\t\t<\/div>\n\t\t<\/article>\n\t\t\t\t<article class=\"elementor-post elementor-grid-item post-9246 post type-post status-publish format-standard has-post-thumbnail hentry category-non-classifiee\" role=\"listitem\">\n\t\t\t<div class=\"elementor-post__card\">\n\t\t\t\t<a class=\"elementor-post__thumbnail__link\" href=\"https:\/\/his-energy.com\/fr\/blog\/ouvrir-la-voie-a-un-avenir-plus-durable-gr-ce-a-notre-solution-de-batterie-plug-play\/\" tabindex=\"-1\" ><div class=\"elementor-post__thumbnail\"><img loading=\"lazy\" decoding=\"async\" width=\"520\" height=\"240\" src=\"https:\/\/his-energy.com\/wp-content\/uploads\/2024\/03\/DSC01873-3-2.webp\" class=\"attachment-large size-large wp-image-10632\" alt=\"Our Batteries Range\" srcset=\"https:\/\/his-energy.com\/wp-content\/uploads\/2024\/03\/DSC01873-3-2.webp 520w, https:\/\/his-energy.com\/wp-content\/uploads\/2024\/03\/DSC01873-3-2-300x138.webp 300w\" sizes=\"(max-width: 520px) 100vw, 520px\" \/><\/div><\/a>\n\t\t\t\t<div class=\"elementor-post__text\">\n\t\t\t\t<h3 class=\"elementor-post__title\">\n\t\t\t<a href=\"https:\/\/his-energy.com\/fr\/blog\/ouvrir-la-voie-a-un-avenir-plus-durable-gr-ce-a-notre-solution-de-batterie-plug-play\/\" >\n\t\t\t\tLE MAGAZINE PV CONSACRE UN ARTICLE \u00c0 NOTRE SOLUTION DE STOCKAGE COMMERCIALE ET INDUSTRIELLE DE HAUTE PERFORMANCE.\t\t\t<\/a>\n\t\t<\/h3>\n\t\t\t\t<div class=\"elementor-post__excerpt\">\n\t\t\t<p>Sauter en avant Une nouvelle \u00e8re d&rsquo;efficacit\u00e9 \u00e9nerg\u00e9tique Contribution aux services de r\u00e9seau Convivialit\u00e9 et s\u00e9curit\u00e9 Compatibilit\u00e9 et \u00e9volutivit\u00e9 Conclusion Une nouvelle \u00e8re d&rsquo;efficacit\u00e9 \u00e9nerg\u00e9tique<\/p>\n\t\t<\/div>\n\t\t\n\t\t<a class=\"elementor-post__read-more\" href=\"https:\/\/his-energy.com\/fr\/blog\/ouvrir-la-voie-a-un-avenir-plus-durable-gr-ce-a-notre-solution-de-batterie-plug-play\/\" aria-label=\"Read more about LE MAGAZINE PV CONSACRE UN ARTICLE \u00c0 NOTRE SOLUTION DE STOCKAGE COMMERCIALE ET INDUSTRIELLE DE HAUTE PERFORMANCE.\" tabindex=\"-1\" >\n\t\t\tLire la suite \"\t\t<\/a>\n\n\t\t\t\t<\/div>\n\t\t\t\t\t<\/div>\n\t\t<\/article>\n\t\t\t\t<\/div>\n\t\t\n\t\t\t\t\t\t<\/div>\n\t\t\t\t<\/div>\n\t\t\t\t<\/div>\n\t\t\t\t<\/div>\n\t\t<div class=\"elementor-element elementor-element-234302a e-flex e-con-boxed e-con e-parent\" data-id=\"234302a\" data-element_type=\"container\" data-settings=\"{&quot;background_background&quot;:&quot;classic&quot;}\">\n\t\t\t\t\t<div class=\"e-con-inner\">\n\t\t<div class=\"elementor-element elementor-element-b110b93 e-con-full e-flex e-con e-child\" data-id=\"b110b93\" data-element_type=\"container\" data-settings=\"{&quot;background_background&quot;:&quot;classic&quot;}\">\n\t\t<div class=\"elementor-element elementor-element-0997093 e-con-full e-flex e-con e-child\" data-id=\"0997093\" data-element_type=\"container\" data-settings=\"{&quot;background_background&quot;:&quot;classic&quot;}\">\n\t\t\t\t<div class=\"elementor-element elementor-element-92534e5 elementor-widget__width-initial elementor-widget elementor-widget-heading\" data-id=\"92534e5\" data-element_type=\"widget\" data-widget_type=\"heading.default\">\n\t\t\t\t<div class=\"elementor-widget-container\">\n\t\t\t\t\t<h2 class=\"elementor-heading-title elementor-size-default\">Vous souhaitez utiliser un syst\u00e8me de stockage d'\u00e9nergie par batterie Li-ion pour votre entreprise ?<\/h2>\t\t\t\t<\/div>\n\t\t\t\t<\/div>\n\t\t\t\t<div class=\"elementor-element elementor-element-650e13f elementor-widget elementor-widget-text-editor\" data-id=\"650e13f\" data-element_type=\"widget\" data-widget_type=\"text-editor.default\">\n\t\t\t\t<div class=\"elementor-widget-container\">\n\t\t\t\t\t\t\t\t\t<p>Utilisez notre formulaire rapide de 5 minutes pour obtenir un devis d\u00e9taill\u00e9 ou prenez contact avec nous. Notre solution modulaire s&rsquo;adapte parfaitement \u00e0 votre projet et offre un large \u00e9ventail d&rsquo;applications.<\/p>\n\t\t\t\t\t\t\t\t<\/div>\n\t\t\t\t<\/div>\n\t\t\t\t<div class=\"elementor-element elementor-element-9a7b58d elementor-align-left elementor-widget elementor-widget-button\" data-id=\"9a7b58d\" data-element_type=\"widget\" data-widget_type=\"button.default\">\n\t\t\t\t<div class=\"elementor-widget-container\">\n\t\t\t\t\t\t\t\t\t<div class=\"elementor-button-wrapper\">\n\t\t\t\t\t<a class=\"elementor-button elementor-button-link elementor-size-xs\" href=\"https:\/\/his-energy.com\/fr\/scan-rapide\/\">\n\t\t\t\t\t\t<span class=\"elementor-button-content-wrapper\">\n\t\t\t\t\t\t\t\t\t<span class=\"elementor-button-text\">D\u00e9but de la consultation<\/span>\n\t\t\t\t\t<\/span>\n\t\t\t\t\t<\/a>\n\t\t\t\t<\/div>\n\t\t\t\t\t\t\t\t<\/div>\n\t\t\t\t<\/div>\n\t\t\t\t<\/div>\n\t\t\t\t<div class=\"elementor-element elementor-element-9af556c elementor-hidden-mobile elementor-widget elementor-widget-image\" data-id=\"9af556c\" data-element_type=\"widget\" data-widget_type=\"image.default\">\n\t\t\t\t<div class=\"elementor-widget-container\">\n\t\t\t\t\t\t\t\t\t\t\t\t\t\t\t<img decoding=\"async\" src=\"https:\/\/his-energy.com\/wp-content\/uploads\/2024\/01\/7-7.png\" title=\"\" alt=\"\" loading=\"lazy\" \/>\t\t\t\t\t\t\t\t\t\t\t\t\t\t\t<\/div>\n\t\t\t\t<\/div>\n\t\t\t\t<\/div>\n\t\t\t\t\t<\/div>\n\t\t\t\t<\/div>\n\t\t\t\t<\/div>\n\t\t","protected":false},"excerpt":{"rendered":"<p>Overview Articles de blog Actualit\u00e9s et connaissances sur les \u00e9nergies renouvelables, la transition \u00e9nerg\u00e9tique, l&rsquo;\u00e9lectricit\u00e9 propre, l&rsquo;\u00e9lectromobilit\u00e9 et les produits sonnen. Vous souhaitez utiliser un syst\u00e8me de stockage d&rsquo;\u00e9nergie par batterie Li-ion pour votre entreprise ? Utilisez notre formulaire rapide de 5 minutes pour obtenir un devis d\u00e9taill\u00e9 ou prenez contact avec nous. Notre solution [&hellip;]<\/p>\n","protected":false},"author":2,"featured_media":0,"parent":0,"menu_order":0,"comment_status":"closed","ping_status":"closed","template":"","meta":{"footnotes":""},"class_list":["post-10526","page","type-page","status-publish","hentry"],"yoast_head":"<!-- This site is optimized with the Yoast SEO Premium plugin v22.1 (Yoast SEO v25.6) - https:\/\/yoast.com\/wordpress\/plugins\/seo\/ -->\n<title>Lire nos blogs - HIS Battery<\/title>\n<meta name=\"description\" content=\"HIS Battery explore les innovations en mati\u00e8re de stockage d&#039;\u00e9nergie et de BESS afin d&#039;optimiser la consommation et de soutenir la transition \u00e9nerg\u00e9tique. Lisez nos blogs !\" \/>\n<meta name=\"robots\" content=\"index, follow, max-snippet:-1, max-image-preview:large, max-video-preview:-1\" \/>\n<link rel=\"canonical\" href=\"https:\/\/his-energy.com\/fr\/blog\/\" \/>\n<meta property=\"og:locale\" content=\"fr_FR\" \/>\n<meta property=\"og:type\" content=\"article\" \/>\n<meta property=\"og:title\" content=\"Blog\" \/>\n<meta property=\"og:description\" content=\"HIS Battery explore les innovations en mati\u00e8re de stockage d&#039;\u00e9nergie et de BESS afin d&#039;optimiser la consommation et de soutenir la transition \u00e9nerg\u00e9tique. Lisez nos blogs !\" \/>\n<meta property=\"og:url\" content=\"https:\/\/his-energy.com\/fr\/blog\/\" \/>\n<meta property=\"og:site_name\" content=\"HIS Battery\" \/>\n<meta property=\"article:modified_time\" content=\"2024-09-24T13:30:19+00:00\" \/>\n<meta property=\"og:image\" content=\"https:\/\/his-energy.com\/wp-content\/uploads\/2024\/03\/Frame-1171275089-1024x373.png\" \/>\n<meta name=\"twitter:card\" content=\"summary_large_image\" \/>\n<meta name=\"twitter:label1\" content=\"Dur\u00e9e de lecture estim\u00e9e\" \/>\n\t<meta name=\"twitter:data1\" content=\"4 minutes\" \/>\n<script type=\"application\/ld+json\" class=\"yoast-schema-graph\">{\"@context\":\"https:\/\/schema.org\",\"@graph\":[{\"@type\":\"WebPage\",\"@id\":\"https:\/\/his-energy.com\/fr\/blog\/\",\"url\":\"https:\/\/his-energy.com\/fr\/blog\/\",\"name\":\"Lire nos blogs - HIS Battery\",\"isPartOf\":{\"@id\":\"https:\/\/his-energy.com\/#website\"},\"primaryImageOfPage\":{\"@id\":\"https:\/\/his-energy.com\/fr\/blog\/#primaryimage\"},\"image\":{\"@id\":\"https:\/\/his-energy.com\/fr\/blog\/#primaryimage\"},\"thumbnailUrl\":\"https:\/\/his-energy.com\/wp-content\/uploads\/2024\/03\/Frame-1171275089-1024x373.png\",\"datePublished\":\"2024-06-27T09:36:57+00:00\",\"dateModified\":\"2024-09-24T13:30:19+00:00\",\"description\":\"HIS Battery explore les innovations en mati\u00e8re de stockage d'\u00e9nergie et de BESS afin d'optimiser la consommation et de soutenir la transition \u00e9nerg\u00e9tique. Lisez nos blogs !\",\"breadcrumb\":{\"@id\":\"https:\/\/his-energy.com\/fr\/blog\/#breadcrumb\"},\"inLanguage\":\"fr-FR\",\"potentialAction\":[{\"@type\":\"ReadAction\",\"target\":[\"https:\/\/his-energy.com\/fr\/blog\/\"]}]},{\"@type\":\"ImageObject\",\"inLanguage\":\"fr-FR\",\"@id\":\"https:\/\/his-energy.com\/fr\/blog\/#primaryimage\",\"url\":\"https:\/\/his-energy.com\/wp-content\/uploads\/2024\/03\/Frame-1171275089-1024x373.png\",\"contentUrl\":\"https:\/\/his-energy.com\/wp-content\/uploads\/2024\/03\/Frame-1171275089-1024x373.png\"},{\"@type\":\"BreadcrumbList\",\"@id\":\"https:\/\/his-energy.com\/fr\/blog\/#breadcrumb\",\"itemListElement\":[{\"@type\":\"ListItem\",\"position\":1,\"name\":\"Home\",\"item\":\"https:\/\/his-energy.com\/fr\/\"},{\"@type\":\"ListItem\",\"position\":2,\"name\":\"Blog\"}]},{\"@type\":\"WebSite\",\"@id\":\"https:\/\/his-energy.com\/#website\",\"url\":\"https:\/\/his-energy.com\/\",\"name\":\"HIS Battery\",\"description\":\"\",\"publisher\":{\"@id\":\"https:\/\/his-energy.com\/#organization\"},\"potentialAction\":[{\"@type\":\"SearchAction\",\"target\":{\"@type\":\"EntryPoint\",\"urlTemplate\":\"https:\/\/his-energy.com\/?s={search_term_string}\"},\"query-input\":{\"@type\":\"PropertyValueSpecification\",\"valueRequired\":true,\"valueName\":\"search_term_string\"}}],\"inLanguage\":\"fr-FR\"},{\"@type\":\"Organization\",\"@id\":\"https:\/\/his-energy.com\/#organization\",\"name\":\"HIS Battery\",\"url\":\"https:\/\/his-energy.com\/\",\"logo\":{\"@type\":\"ImageObject\",\"inLanguage\":\"fr-FR\",\"@id\":\"https:\/\/his-energy.com\/#\/schema\/logo\/image\/\",\"url\":\"https:\/\/his-energy.com\/wp-content\/uploads\/2024\/01\/footer.webp\",\"contentUrl\":\"https:\/\/his-energy.com\/wp-content\/uploads\/2024\/01\/footer.webp\",\"width\":364,\"height\":153,\"caption\":\"HIS Battery\"},\"image\":{\"@id\":\"https:\/\/his-energy.com\/#\/schema\/logo\/image\/\"}}]}<\/script>\n<!-- \/ Yoast SEO Premium plugin. -->","yoast_head_json":{"title":"Lire nos blogs - HIS Battery","description":"HIS Battery explore les innovations en mati\u00e8re de stockage d'\u00e9nergie et de BESS afin d'optimiser la consommation et de soutenir la transition \u00e9nerg\u00e9tique. Lisez nos blogs !","robots":{"index":"index","follow":"follow","max-snippet":"max-snippet:-1","max-image-preview":"max-image-preview:large","max-video-preview":"max-video-preview:-1"},"canonical":"https:\/\/his-energy.com\/fr\/blog\/","og_locale":"fr_FR","og_type":"article","og_title":"Blog","og_description":"HIS Battery explore les innovations en mati\u00e8re de stockage d'\u00e9nergie et de BESS afin d'optimiser la consommation et de soutenir la transition \u00e9nerg\u00e9tique. Lisez nos blogs !","og_url":"https:\/\/his-energy.com\/fr\/blog\/","og_site_name":"HIS Battery","article_modified_time":"2024-09-24T13:30:19+00:00","og_image":[{"url":"https:\/\/his-energy.com\/wp-content\/uploads\/2024\/03\/Frame-1171275089-1024x373.png","type":"","width":"","height":""}],"twitter_card":"summary_large_image","twitter_misc":{"Dur\u00e9e de lecture estim\u00e9e":"4 minutes"},"schema":{"@context":"https:\/\/schema.org","@graph":[{"@type":"WebPage","@id":"https:\/\/his-energy.com\/fr\/blog\/","url":"https:\/\/his-energy.com\/fr\/blog\/","name":"Lire nos blogs - HIS Battery","isPartOf":{"@id":"https:\/\/his-energy.com\/#website"},"primaryImageOfPage":{"@id":"https:\/\/his-energy.com\/fr\/blog\/#primaryimage"},"image":{"@id":"https:\/\/his-energy.com\/fr\/blog\/#primaryimage"},"thumbnailUrl":"https:\/\/his-energy.com\/wp-content\/uploads\/2024\/03\/Frame-1171275089-1024x373.png","datePublished":"2024-06-27T09:36:57+00:00","dateModified":"2024-09-24T13:30:19+00:00","description":"HIS Battery explore les innovations en mati\u00e8re de stockage d'\u00e9nergie et de BESS afin d'optimiser la consommation et de soutenir la transition \u00e9nerg\u00e9tique. Lisez nos blogs !","breadcrumb":{"@id":"https:\/\/his-energy.com\/fr\/blog\/#breadcrumb"},"inLanguage":"fr-FR","potentialAction":[{"@type":"ReadAction","target":["https:\/\/his-energy.com\/fr\/blog\/"]}]},{"@type":"ImageObject","inLanguage":"fr-FR","@id":"https:\/\/his-energy.com\/fr\/blog\/#primaryimage","url":"https:\/\/his-energy.com\/wp-content\/uploads\/2024\/03\/Frame-1171275089-1024x373.png","contentUrl":"https:\/\/his-energy.com\/wp-content\/uploads\/2024\/03\/Frame-1171275089-1024x373.png"},{"@type":"BreadcrumbList","@id":"https:\/\/his-energy.com\/fr\/blog\/#breadcrumb","itemListElement":[{"@type":"ListItem","position":1,"name":"Home","item":"https:\/\/his-energy.com\/fr\/"},{"@type":"ListItem","position":2,"name":"Blog"}]},{"@type":"WebSite","@id":"https:\/\/his-energy.com\/#website","url":"https:\/\/his-energy.com\/","name":"HIS Battery","description":"","publisher":{"@id":"https:\/\/his-energy.com\/#organization"},"potentialAction":[{"@type":"SearchAction","target":{"@type":"EntryPoint","urlTemplate":"https:\/\/his-energy.com\/?s={search_term_string}"},"query-input":{"@type":"PropertyValueSpecification","valueRequired":true,"valueName":"search_term_string"}}],"inLanguage":"fr-FR"},{"@type":"Organization","@id":"https:\/\/his-energy.com\/#organization","name":"HIS Battery","url":"https:\/\/his-energy.com\/","logo":{"@type":"ImageObject","inLanguage":"fr-FR","@id":"https:\/\/his-energy.com\/#\/schema\/logo\/image\/","url":"https:\/\/his-energy.com\/wp-content\/uploads\/2024\/01\/footer.webp","contentUrl":"https:\/\/his-energy.com\/wp-content\/uploads\/2024\/01\/footer.webp","width":364,"height":153,"caption":"HIS Battery"},"image":{"@id":"https:\/\/his-energy.com\/#\/schema\/logo\/image\/"}}]}},"_links":{"self":[{"href":"https:\/\/his-energy.com\/fr\/wp-json\/wp\/v2\/pages\/10526","targetHints":{"allow":["GET"]}}],"collection":[{"href":"https:\/\/his-energy.com\/fr\/wp-json\/wp\/v2\/pages"}],"about":[{"href":"https:\/\/his-energy.com\/fr\/wp-json\/wp\/v2\/types\/page"}],"author":[{"embeddable":true,"href":"https:\/\/his-energy.com\/fr\/wp-json\/wp\/v2\/users\/2"}],"replies":[{"embeddable":true,"href":"https:\/\/his-energy.com\/fr\/wp-json\/wp\/v2\/comments?post=10526"}],"version-history":[{"count":8,"href":"https:\/\/his-energy.com\/fr\/wp-json\/wp\/v2\/pages\/10526\/revisions"}],"predecessor-version":[{"id":11438,"href":"https:\/\/his-energy.com\/fr\/wp-json\/wp\/v2\/pages\/10526\/revisions\/11438"}],"wp:attachment":[{"href":"https:\/\/his-energy.com\/fr\/wp-json\/wp\/v2\/media?parent=10526"}],"curies":[{"name":"wp","href":"https:\/\/api.w.org\/{rel}","templated":true}]}}